{"id":72,"date":"2026-02-20T16:31:51","date_gmt":"2026-02-20T16:31:51","guid":{"rendered":"http:\/\/neenflk.cluster121.hosting.ovh.net\/?page_id=72"},"modified":"2026-04-16T12:46:34","modified_gmt":"2026-04-16T11:46:34","slug":"droit-des-entreprises","status":"publish","type":"page","link":"https:\/\/office44081.fr\/index.php\/droit-des-entreprises\/","title":{"rendered":"Droit des soci\u00e9t\u00e9s"},"content":{"rendered":"\n<div class=\"wp-block-cover alignwide\" style=\"min-height:273px;aspect-ratio:unset;\"><img loading=\"lazy\" decoding=\"async\" width=\"1024\" height=\"576\" class=\"wp-block-cover__image-background wp-image-434\" alt=\"\" src=\"https:\/\/office44081.fr\/wp-content\/uploads\/2026\/04\/Design-sans-titre-2-1024x576.png\" data-object-fit=\"cover\" srcset=\"https:\/\/office44081.fr\/wp-content\/uploads\/2026\/04\/Design-sans-titre-2-1024x576.png 1024w, https:\/\/office44081.fr\/wp-content\/uploads\/2026\/04\/Design-sans-titre-2-300x169.png 300w, https:\/\/office44081.fr\/wp-content\/uploads\/2026\/04\/Design-sans-titre-2-768x432.png 768w, https:\/\/office44081.fr\/wp-content\/uploads\/2026\/04\/Design-sans-titre-2-1536x864.png 1536w, https:\/\/office44081.fr\/wp-content\/uploads\/2026\/04\/Design-sans-titre-2.png 1920w\" sizes=\"auto, (max-width: 1024px) 100vw, 1024px\" \/><span aria-hidden=\"true\" class=\"wp-block-cover__background has-background-dim\"><\/span><div class=\"wp-block-cover__inner-container is-layout-flow wp-block-cover-is-layout-flow\">\n<h1 class=\"wp-block-heading has-text-align-center has-ast-global-color-7-color has-text-color has-link-color has-large-font-size wp-elements-b3e4e19cc399661ee76e33d150940031\">Droit des soci\u00e9t\u00e9s<\/h1>\n<\/div><\/div>\n\n\n\n<p><\/p>\n\n\n\n<h2 class=\"wp-block-heading\"><strong>Accompagner les dirigeants et les entreprises \u00e0 chaque \u00e9tape<\/strong><\/h2>\n\n\n\n<div class=\"wp-block-group is-layout-constrained wp-block-group-is-layout-constrained\">\n<p>La vie d\u2019une soci\u00e9t\u00e9 est jalonn\u00e9e de d\u00e9cisions importantes qui n\u00e9cessitent s\u00e9curit\u00e9 juridique, clart\u00e9 et anticipation.<\/p>\n\n\n\n<p>L\u2019office vous accompagne dans vos projets professionnels, qu\u2019il s\u2019agisse de la cr\u00e9ation d\u2019une structure, de son \u00e9volution, de sa transmission ou de l\u2019organisation des relations entre associ\u00e9s.<\/p>\n\n\n\n<p>Notre r\u00f4le est de vous conseiller, de s\u00e9curiser vos actes et de vous aider \u00e0 prendre les d\u00e9cisions adapt\u00e9es \u00e0 votre situation.<\/p>\n<\/div>\n\n\n\n<h2 class=\"wp-block-heading\"><strong>Nos domaines d\u2019intervention<\/strong><\/h2>\n\n\n\n<div class=\"wp-block-columns is-layout-flex wp-container-core-columns-is-layout-28f84493 wp-block-columns-is-layout-flex\">\n<div class=\"wp-block-column has-border-color has-ast-global-color-3-border-color is-layout-flow wp-block-column-is-layout-flow\" style=\"border-width:2px;padding-top:var(--wp--preset--spacing--20);padding-right:var(--wp--preset--spacing--40);padding-bottom:var(--wp--preset--spacing--20);padding-left:var(--wp--preset--spacing--40)\">\n<div class=\"wp-block-group is-layout-constrained wp-block-group-is-layout-constrained\" style=\"border-style:none;border-width:0px\">\n<h3 class=\"wp-block-heading\">\u25c7 Cr\u00e9ation de soci\u00e9t\u00e9<\/h3>\n\n\n\n<div style=\"height:16px\" aria-hidden=\"true\" class=\"wp-block-spacer\"><\/div>\n\n\n\n<p>Nous vous accompagnons dans le choix de la structure juridique la plus adapt\u00e9e \u00e0 votre projet et \u00e0 votre organisation patrimoniale.<\/p>\n\n\n\n<p>Exemples :<\/p>\n\n\n\n<ul class=\"wp-block-list\">\n<li>constitution de soci\u00e9t\u00e9<\/li>\n\n\n\n<li>choix de la forme sociale<\/li>\n\n\n\n<li>r\u00e9daction des statuts<\/li>\n\n\n\n<li>organisation entre associ\u00e9s<\/li>\n<\/ul>\n<\/div>\n<\/div>\n\n\n\n<div class=\"wp-block-column has-border-color has-ast-global-color-3-border-color is-layout-flow wp-block-column-is-layout-flow\" style=\"border-width:2px;padding-top:var(--wp--preset--spacing--30);padding-right:var(--wp--preset--spacing--30);padding-bottom:var(--wp--preset--spacing--30);padding-left:var(--wp--preset--spacing--30)\">\n<div class=\"wp-block-group is-layout-constrained wp-block-group-is-layout-constrained\" style=\"border-style:none;border-width:0px\">\n<h3 class=\"wp-block-heading\">\u25c7 Transmission et r\u00e9organisation<\/h3>\n\n\n\n<p>La transmission d\u2019une entreprise ou la r\u00e9organisation d\u2019une soci\u00e9t\u00e9 doit \u00eatre pens\u00e9e avec pr\u00e9cision, tant sur le plan juridique que patrimonial.<\/p>\n\n\n\n<p>Nous vous accompagnons notamment pour :<\/p>\n\n\n\n<ul class=\"wp-block-list\">\n<li>cession d\u2019entreprise<\/li>\n\n\n\n<li>transmission familiale<\/li>\n\n\n\n<li>pr\u00e9paration de la succession du dirigeant<\/li>\n\n\n\n<li>r\u00e9organisation de la d\u00e9tention du capital<\/li>\n\n\n\n<li>structuration patrimoniale li\u00e9e \u00e0 l\u2019activit\u00e9 professionnelle<\/li>\n<\/ul>\n<\/div>\n<\/div>\n<\/div>\n\n\n\n<div class=\"wp-block-columns is-layout-flex wp-container-core-columns-is-layout-28f84493 wp-block-columns-is-layout-flex\">\n<div class=\"wp-block-column has-border-color has-ast-global-color-3-border-color is-layout-flow wp-block-column-is-layout-flow\" style=\"border-width:2px;padding-top:var(--wp--preset--spacing--30);padding-right:var(--wp--preset--spacing--40);padding-bottom:var(--wp--preset--spacing--30);padding-left:var(--wp--preset--spacing--40)\">\n<div class=\"wp-block-group is-layout-constrained wp-block-group-is-layout-constrained\" style=\"border-style:none;border-width:0px\">\n<h3 class=\"wp-block-heading\">\u25c7 Vie sociale de l\u2019entreprise<\/h3>\n\n\n\n<p>Une soci\u00e9t\u00e9 \u00e9volue au fil du temps. Certaines d\u00e9cisions doivent \u00eatre pr\u00e9par\u00e9es, encadr\u00e9es et formalis\u00e9es avec rigueur.<\/p>\n\n\n\n<p>Nous pouvons intervenir notamment pour :<\/p>\n\n\n\n<ul class=\"wp-block-list\">\n<li>modification des statuts<\/li>\n\n\n\n<li>changement de g\u00e9rance ou de pr\u00e9sidence<\/li>\n\n\n\n<li>entr\u00e9e ou sortie d\u2019associ\u00e9s<\/li>\n\n\n\n<li>cession de parts sociales ou d\u2019actions<\/li>\n\n\n\n<li>augmentation ou r\u00e9duction de capital<\/li>\n\n\n\n<li>transfert de si\u00e8ge social<\/li>\n<\/ul>\n<\/div>\n<\/div>\n\n\n\n<div class=\"wp-block-column has-border-color has-ast-global-color-3-border-color is-layout-flow wp-block-column-is-layout-flow\" style=\"border-width:2px;padding-top:var(--wp--preset--spacing--20);padding-right:var(--wp--preset--spacing--40);padding-bottom:var(--wp--preset--spacing--20);padding-left:var(--wp--preset--spacing--40)\">\n<div class=\"wp-block-group is-layout-constrained wp-block-group-is-layout-constrained\" style=\"border-style:none;border-width:0px\">\n<h3 class=\"wp-block-heading\">\u25c7 Conseil patrimonial du dirigeant<\/h3>\n\n\n\n<p>Le droit des soci\u00e9t\u00e9s est souvent \u00e9troitement li\u00e9 \u00e0 la situation personnelle et patrimoniale du dirigeant.<\/p>\n\n\n\n<p>L\u2019office peut ainsi vous conseiller dans une approche globale, notamment sur les interactions entre :<\/p>\n\n\n\n<ul class=\"wp-block-list\">\n<li>patrimoine personnel et patrimoine professionnel<\/li>\n\n\n\n<li>d\u00e9tention immobili\u00e8re<\/li>\n\n\n\n<li>protection du conjoint<\/li>\n\n\n\n<li>anticipation successorale<\/li>\n\n\n\n<li>transmission familiale<\/li>\n<\/ul>\n<\/div>\n<\/div>\n<\/div>\n\n\n\n<div class=\"wp-block-group has-ast-global-color-7-background-color has-background is-layout-constrained wp-block-group-is-layout-constrained\">\n<h2 class=\"wp-block-heading\"><strong>Un accompagnement sur mesure<\/strong><\/h2>\n\n\n\n<p>Chaque projet entrepreneurial pr\u00e9sente des enjeux sp\u00e9cifiques.<\/p>\n\n\n\n<p>Nous vous accompagnons avec une approche personnalis\u00e9e, en lien, si n\u00e9cessaire, avec les autres professionnels intervenant dans votre dossier (expert-comptable, avocat, conseiller en gestion de patrimoine, banque, etc.).<\/p>\n\n\n\n<p>Notre objectif est de vous apporter un cadre juridique clair, s\u00e9curis\u00e9 et adapt\u00e9 \u00e0 vos besoins.<\/p>\n<\/div>\n\n\n\n<div class=\"wp-block-group is-layout-constrained wp-block-group-is-layout-constrained\">\n<h2 class=\"wp-block-heading\"><strong>Pr\u00e9parer votre rendez-vous<\/strong><\/h2>\n\n\n\n<p>Selon votre situation, certains documents ou informations pourront \u00eatre utiles \u00e0 l\u2019\u00e9tude, notamment :<\/p>\n\n\n\n<ul class=\"wp-block-list\">\n<li>statuts de la soci\u00e9t\u00e9<\/li>\n\n\n\n<li>extrait Kbis<\/li>\n\n\n\n<li>identit\u00e9 des associ\u00e9s ou dirigeants<\/li>\n\n\n\n<li>projet de cession ou de modification<\/li>\n\n\n\n<li>\u00e9l\u00e9ments patrimoniaux ou immobiliers li\u00e9s au dossier<\/li>\n<\/ul>\n\n\n\n<p>Chaque situation \u00e9tant diff\u00e9rente, nous vous indiquerons les pi\u00e8ces n\u00e9cessaires en fonction de votre demande.<\/p>\n<\/div>\n\n\n\n<div class=\"wp-block-group has-white-color has-ast-global-color-0-background-color has-text-color has-background has-link-color wp-elements-1a492a579f050b7bd9b16582973fb268 is-layout-constrained wp-block-group-is-layout-constrained\" style=\"padding-top:60px;padding-bottom:60px\">\n<h4 class=\"wp-block-heading has-text-align-center has-white-color has-text-color has-link-color has-large-font-size wp-elements-218097705efef47c19bab17211cc869f\">Besoin de prendre rendez-vous ?<\/h4>\n\n\n\n<p class=\"has-text-align-center\">Contacter l&rsquo;office notarial de Ma\u00eetre Florence BOUVIER pour un rendez-vous personnalis\u00e9.<\/p>\n\n\n\n<div class=\"wp-block-buttons is-content-justification-center is-layout-flex wp-container-core-buttons-is-layout-a89b3969 wp-block-buttons-is-layout-flex\">\n<div class=\"wp-block-button has-custom-width wp-block-button__width-50 is-style-fill\"><a class=\"wp-block-button__link has-ast-global-color-1-color has-ast-global-color-4-background-color has-text-color has-background has-link-color wp-element-button\" href=\"http:\/\/neenflk.cluster121.hosting.ovh.net\/index.php\/rendez-vous\/\" style=\"border-style:none;border-width:0px;border-top-left-radius:25px;border-top-right-radius:25px;border-bottom-left-radius:25px;border-bottom-right-radius:25px;padding-right:0;padding-left:0\">Prendre rendez-vous<\/a><\/div>\n<\/div>\n<\/div>\n\n\n\n<div style=\"height:76px\" aria-hidden=\"true\" class=\"wp-block-spacer\"><\/div>\n","protected":false},"excerpt":{"rendered":"<p>Accompagner les dirigeants et les entreprises \u00e0 chaque \u00e9tape La vie d\u2019une soci\u00e9t\u00e9 est jalonn\u00e9e de d\u00e9cisions importantes qui n\u00e9cessitent [&hellip;]<\/p>\n","protected":false},"author":1,"featured_media":0,"parent":0,"menu_order":0,"comment_status":"closed","ping_status":"closed","template":"","meta":{"_uag_custom_page_level_css":"","site-sidebar-layout":"default","site-content-layout":"","ast-site-content-layout":"default","site-content-style":"default","site-sidebar-style":"default","ast-global-header-display":"","ast-banner-title-visibility":"","ast-main-header-display":"","ast-hfb-above-header-display":"","ast-hfb-below-header-display":"","ast-hfb-mobile-header-display":"","site-post-title":"disabled","ast-breadcrumbs-content":"","ast-featured-img":"","footer-sml-layout":"","ast-disable-related-posts":"","theme-transparent-header-meta":"","adv-header-id-meta":"","stick-header-meta":"","header-above-stick-meta":"","header-main-stick-meta":"","header-below-stick-meta":"","astra-migrate-meta-layouts":"default","ast-page-background-enabled":"default","ast-page-background-meta":{"desktop":{"background-color":"var(--ast-global-color-5)","background-image":"","background-repeat":"repeat","background-position":"center center","background-size":"auto","background-attachment":"scroll","background-type":"","background-media":"","overlay-type":"","overlay-color":"","overlay-opacity":"","overlay-gradient":""},"tablet":{"background-color":"","background-image":"","background-repeat":"repeat","background-position":"center center","background-size":"auto","background-attachment":"scroll","background-type":"","background-media":"","overlay-type":"","overlay-color":"","overlay-opacity":"","overlay-gradient":""},"mobile":{"background-color":"","background-image":"","background-repeat":"repeat","background-position":"center center","background-size":"auto","background-attachment":"scroll","background-type":"","background-media":"","overlay-type":"","overlay-color":"","overlay-opacity":"","overlay-gradient":""}},"ast-content-background-meta":{"desktop":{"background-color":"var(--ast-global-color-4)","background-image":"","background-repeat":"repeat","background-position":"center center","background-size":"auto","background-attachment":"scroll","background-type":"","background-media":"","overlay-type":"","overlay-color":"","overlay-opacity":"","overlay-gradient":""},"tablet":{"background-color":"var(--ast-global-color-4)","background-image":"","background-repeat":"repeat","background-position":"center center","background-size":"auto","background-attachment":"scroll","background-type":"","background-media":"","overlay-type":"","overlay-color":"","overlay-opacity":"","overlay-gradient":""},"mobile":{"background-color":"var(--ast-global-color-4)","background-image":"","background-repeat":"repeat","background-position":"center center","background-size":"auto","background-attachment":"scroll","background-type":"","background-media":"","overlay-type":"","overlay-color":"","overlay-opacity":"","overlay-gradient":""}},"footnotes":""},"class_list":["post-72","page","type-page","status-publish","hentry"],"uagb_featured_image_src":{"full":false,"thumbnail":false,"medium":false,"medium_large":false,"large":false,"1536x1536":false,"2048x2048":false},"uagb_author_info":{"display_name":"admin8335","author_link":"https:\/\/office44081.fr\/index.php\/author\/admin8335\/"},"uagb_comment_info":0,"uagb_excerpt":"Accompagner les dirigeants et les entreprises \u00e0 chaque \u00e9tape La vie d\u2019une soci\u00e9t\u00e9 est jalonn\u00e9e de d\u00e9cisions importantes qui n\u00e9cessitent [&hellip;]","_links":{"self":[{"href":"https:\/\/office44081.fr\/index.php\/wp-json\/wp\/v2\/pages\/72","targetHints":{"allow":["GET"]}}],"collection":[{"href":"https:\/\/office44081.fr\/index.php\/wp-json\/wp\/v2\/pages"}],"about":[{"href":"https:\/\/office44081.fr\/index.php\/wp-json\/wp\/v2\/types\/page"}],"author":[{"embeddable":true,"href":"https:\/\/office44081.fr\/index.php\/wp-json\/wp\/v2\/users\/1"}],"replies":[{"embeddable":true,"href":"https:\/\/office44081.fr\/index.php\/wp-json\/wp\/v2\/comments?post=72"}],"version-history":[{"count":29,"href":"https:\/\/office44081.fr\/index.php\/wp-json\/wp\/v2\/pages\/72\/revisions"}],"predecessor-version":[{"id":489,"href":"https:\/\/office44081.fr\/index.php\/wp-json\/wp\/v2\/pages\/72\/revisions\/489"}],"wp:attachment":[{"href":"https:\/\/office44081.fr\/index.php\/wp-json\/wp\/v2\/media?parent=72"}],"curies":[{"name":"wp","href":"https:\/\/api.w.org\/{rel}","templated":true}]}}