{"id":54,"date":"2026-02-20T15:59:52","date_gmt":"2026-02-20T15:59:52","guid":{"rendered":"http:\/\/neenflk.cluster121.hosting.ovh.net\/?page_id=54"},"modified":"2026-04-17T10:17:12","modified_gmt":"2026-04-17T09:17:12","slug":"outils","status":"publish","type":"page","link":"https:\/\/office44081.fr\/index.php\/outils\/","title":{"rendered":"Tarifs"},"content":{"rendered":"\n<div class=\"wp-block-group is-layout-constrained wp-block-group-is-layout-constrained\">\n<figure class=\"wp-block-image aligncenter size-large is-resized\"><img loading=\"lazy\" decoding=\"async\" width=\"1024\" height=\"506\" src=\"https:\/\/office44081.fr\/wp-content\/uploads\/2026\/02\/Blue_LogoEtude_v5_PourPNG-1024x506.png\" alt=\"\" class=\"wp-image-151\" style=\"aspect-ratio:2.023733078792086;width:382px;height:auto\" srcset=\"https:\/\/office44081.fr\/wp-content\/uploads\/2026\/02\/Blue_LogoEtude_v5_PourPNG-1024x506.png 1024w, https:\/\/office44081.fr\/wp-content\/uploads\/2026\/02\/Blue_LogoEtude_v5_PourPNG-300x148.png 300w, https:\/\/office44081.fr\/wp-content\/uploads\/2026\/02\/Blue_LogoEtude_v5_PourPNG-768x379.png 768w, https:\/\/office44081.fr\/wp-content\/uploads\/2026\/02\/Blue_LogoEtude_v5_PourPNG-1536x759.png 1536w, https:\/\/office44081.fr\/wp-content\/uploads\/2026\/02\/Blue_LogoEtude_v5_PourPNG-100x49.png 100w, https:\/\/office44081.fr\/wp-content\/uploads\/2026\/02\/Blue_LogoEtude_v5_PourPNG.png 1796w\" sizes=\"auto, (max-width: 1024px) 100vw, 1024px\" \/><\/figure>\n<\/div>\n\n\n\n<h1 class=\"wp-block-heading has-text-align-center\">TARIFS<\/h1>\n\n\n\n<h4 class=\"wp-block-heading has-text-align-center\">Prestations non soumises au tarif r\u00e9glement\u00e9<br>Article L 444-1 du d\u00e9cret 26 f\u00e9vrier 2016, modifi\u00e9s<\/h4>\n\n\n\n<div class=\"wp-block-group is-layout-constrained wp-block-group-is-layout-constrained\">\n<h4 class=\"wp-block-heading has-text-align-center\"><strong>Tarifs li\u00e9s \u00e0 l&rsquo;immobilier<\/strong><\/h4>\n\n\n\n<figure class=\"wp-block-table\"><table class=\"has-fixed-layout\"><tbody><tr><td class=\"has-text-align-center\" data-align=\"center\"><strong>Nature<\/strong><\/td><td><strong>Prix HT<\/strong><\/td><td><strong>TVA<\/strong><\/td><td><strong>Prix TTC<\/strong><\/td><td><strong>D\u00e9bours<\/strong><\/td><td><strong>Total<\/strong><\/td><\/tr><tr><td class=\"has-text-align-center\" data-align=\"center\">Promesse de vente ou d&rsquo;achat<\/td><td>250\u20ac<\/td><td>50\u20ac<\/td><td>300\u20ac<\/td><td>125\u20ac<\/td><td>425\u20ac<\/td><\/tr><tr><td class=\"has-text-align-center\" data-align=\"center\">Avenant \u00e0 la promesse<\/td><td>50\u20ac<\/td><td>10\u20ac<\/td><td>60\u20ac<\/td><td>125\u20ac<\/td><td>185\u20ac<\/td><\/tr><tr><td class=\"has-text-align-center\" data-align=\"center\">Baux d&rsquo;habitation<\/td><td>500\u20ac<\/td><td>100\u20ac<\/td><td>600\u20ac<\/td><td>&#8211;<\/td><td>600\u20ac<\/td><\/tr><\/tbody><\/table><\/figure>\n<\/div>\n\n\n\n<div class=\"wp-block-group is-layout-constrained wp-block-group-is-layout-constrained\">\n<h4 class=\"wp-block-heading has-text-align-center\"><strong>Tarifs li\u00e9s aux successions <\/strong><\/h4>\n\n\n\n<figure class=\"wp-block-table\"><table class=\"has-fixed-layout\"><tbody><tr><td class=\"has-text-align-center\" data-align=\"center\"><strong>Nature<\/strong><\/td><td><strong>Prix HT<\/strong><\/td><td><strong>TVA<\/strong><\/td><td><strong>Prix TTC<\/strong><\/td><td><strong>D\u00e9bours<\/strong><\/td><td class=\"has-text-align-center\" data-align=\"center\"><strong>Total<\/strong><\/td><\/tr><tr><td class=\"has-text-align-center\" data-align=\"center\">R\u00e8glement de facture (tous les 5 factures)<\/td><td>20\u20ac<\/td><td>4\u20ac<\/td><td>24\u20ac<\/td><td>&#8211;<\/td><td class=\"has-text-align-center\" data-align=\"center\">24\u20ac<\/td><\/tr><tr><td class=\"has-text-align-center\" data-align=\"center\">Convention de quasi-usufruit<\/td><td>500\u20ac<\/td><td>100\u20ac<\/td><td>600\u20ac<\/td><td>&#8211;<\/td><td class=\"has-text-align-center\" data-align=\"center\">600\u20ac<\/td><\/tr><tr><td class=\"has-text-align-center\" data-align=\"center\">Compte de r\u00e9partition<\/td><td>100\u20ac<\/td><td>20\u20ac<\/td><td>120\u20ac<\/td><td>&#8211;<\/td><td class=\"has-text-align-center\" data-align=\"center\">180\u20ac<\/td><\/tr><\/tbody><\/table><\/figure>\n<\/div>\n\n\n\n<div class=\"wp-block-group is-layout-constrained wp-block-group-is-layout-constrained\">\n<h4 class=\"wp-block-heading has-text-align-center\"><strong>Tarifs li\u00e9s aux actes de soci\u00e9t\u00e9s et droit commercial <\/strong><\/h4>\n\n\n\n<figure class=\"wp-block-table\"><table class=\"has-fixed-layout\"><tbody><tr><td><strong>Nature<\/strong><\/td><td><strong>Prix HT<\/strong><\/td><td><strong>TVA<\/strong><\/td><td><strong>Prix TTC<\/strong><\/td><td><strong>D\u00e9bours<\/strong><\/td><td><strong>Total<\/strong><\/td><\/tr><tr><td>R\u00e9daction des statuts (hors formalit\u00e9s)<\/td><td>600\u20ac<\/td><td>120\u20ac<\/td><td>720\u20ac<\/td><td>&#8211;<\/td><td>720\u20ac<\/td><\/tr><tr><td>D\u00e9lib\u00e9ration d&rsquo;assembl\u00e9e g\u00e9n\u00e9rale<\/td><td>50\u20ac<\/td><td>10\u20ac<\/td><td>60\u20ac<\/td><td>&#8211;<\/td><td>60\u20ac<\/td><\/tr><tr><td>Promesse de cession de parts sociales<\/td><td>300\u20ac<\/td><td>60\u20ac<\/td><td>360\u20ac<\/td><td>&#8211;<\/td><td>360\u20ac<\/td><\/tr><tr><td>Baux professionnels ou commerciaux<\/td><td>500\u20ac<\/td><td>100\u20ac<\/td><td>600\u20ac<\/td><td>&#8211;<\/td><td>600\u20ac<\/td><\/tr><tr><td>Cautionnement bail<\/td><td>100\u20ac<\/td><td>20\u20ac<\/td><td>120\u20ac<\/td><td>&#8211;<\/td><td>120\u20ac<\/td><\/tr><tr><td>Promesse de cession de droit au bail<\/td><td>300\u20ac<\/td><td>60\u20ac<\/td><td>360\u20ac<\/td><td>&#8211;<\/td><td>360\u20ac<\/td><\/tr><\/tbody><\/table><\/figure>\n\n\n\n<figure class=\"wp-block-table\"><table class=\"has-fixed-layout\"><tbody><tr><td>Cession de parts sociales (hors frais d&rsquo;enregistrement)<\/td><td>2% HT du prix de cession + TVA<\/td><\/tr><tr><td>Cession de fonds de commerce (hors frais d&rsquo;enregistrement)<\/td><td>2% HT du prix de cession + TVA<\/td><\/tr><tr><td>Cession de droit au bail<\/td><td>2% HT du prix de cession + TVA<\/td><\/tr><\/tbody><\/table><\/figure>\n<\/div>\n\n\n\n<div class=\"wp-block-group is-layout-constrained wp-block-group-is-layout-constrained\">\n<h4 class=\"wp-block-heading has-text-align-center\"><strong>Prestations diverses<\/strong><\/h4>\n\n\n\n<figure class=\"wp-block-table\"><table class=\"has-fixed-layout\"><tbody><tr><td><strong>Nature<\/strong><\/td><td><strong>Prix HT<\/strong><\/td><td><strong>TVA<\/strong><\/td><td><strong>Prix TTC<\/strong><\/td><td><strong>D\u00e9bours<\/strong><\/td><td class=\"has-text-align-center\" data-align=\"center\"><strong>Total<\/strong><\/td><\/tr><tr><td>Procuration sous seing priv\u00e9 (hors yousign)<\/td><td>41,67\u20ac<\/td><td>8,33\u20ac<\/td><td>50\u20ac<\/td><td>&#8211;<\/td><td class=\"has-text-align-center\" data-align=\"center\">50\u20ac<\/td><\/tr><tr><td>Certification de signature<\/td><td>20\u20ac<\/td><td>4\u20ac<\/td><td>24\u20ac<\/td><td>&#8211;<\/td><td class=\"has-text-align-center\" data-align=\"center\">24\u20ac<\/td><\/tr><tr><td>Requ\u00eate juge<\/td><td>100<\/td><td>20\u20ac<\/td><td>120\u20ac<\/td><td>&#8211;<\/td><td class=\"has-text-align-center\" data-align=\"center\">120\u20ac<\/td><\/tr><tr><td>Interrogation base biens<\/td><td>60\u20ac<\/td><td>12\u20ac<\/td><td>72\u20ac<\/td><td>&#8211;<\/td><td class=\"has-text-align-center\" data-align=\"center\">72\u20ac<\/td><\/tr><\/tbody><\/table><\/figure>\n\n\n\n<figure class=\"wp-block-table\"><table class=\"has-fixed-layout\"><tbody><tr><td>D\u00e9placement (inventaire &#8230;)<\/td><td>Tarif par km selon le bar\u00e8me kilom\u00e9trique fiscal<\/td><\/tr><\/tbody><\/table><\/figure>\n<\/div>\n\n\n\n<p><\/p>\n","protected":false},"excerpt":{"rendered":"<p>TARIFS Prestations non soumises au tarif r\u00e9glement\u00e9Article L 444-1 du d\u00e9cret 26 f\u00e9vrier 2016, modifi\u00e9s Tarifs li\u00e9s \u00e0 l&rsquo;immobilier Nature [&hellip;]<\/p>\n","protected":false},"author":1,"featured_media":0,"parent":0,"menu_order":0,"comment_status":"closed","ping_status":"closed","template":"","meta":{"_uag_custom_page_level_css":"","site-sidebar-layout":"default","site-content-layout":"","ast-site-content-layout":"default","site-content-style":"default","site-sidebar-style":"default","ast-global-header-display":"","ast-banner-title-visibility":"","ast-main-header-display":"","ast-hfb-above-header-display":"","ast-hfb-below-header-display":"","ast-hfb-mobile-header-display":"","site-post-title":"disabled","ast-breadcrumbs-content":"","ast-featured-img":"","footer-sml-layout":"","ast-disable-related-posts":"","theme-transparent-header-meta":"","adv-header-id-meta":"","stick-header-meta":"","header-above-stick-meta":"","header-main-stick-meta":"","header-below-stick-meta":"","astra-migrate-meta-layouts":"default","ast-page-background-enabled":"default","ast-page-background-meta":{"desktop":{"background-color":"var(--ast-global-color-5)","background-image":"","background-repeat":"repeat","background-position":"center center","background-size":"auto","background-attachment":"scroll","background-type":"","background-media":"","overlay-type":"","overlay-color":"","overlay-opacity":"","overlay-gradient":""},"tablet":{"background-color":"","background-image":"","background-repeat":"repeat","background-position":"center center","background-size":"auto","background-attachment":"scroll","background-type":"","background-media":"","overlay-type":"","overlay-color":"","overlay-opacity":"","overlay-gradient":""},"mobile":{"background-color":"","background-image":"","background-repeat":"repeat","background-position":"center center","background-size":"auto","background-attachment":"scroll","background-type":"","background-media":"","overlay-type":"","overlay-color":"","overlay-opacity":"","overlay-gradient":""}},"ast-content-background-meta":{"desktop":{"background-color":"var(--ast-global-color-4)","background-image":"","background-repeat":"repeat","background-position":"center center","background-size":"auto","background-attachment":"scroll","background-type":"","background-media":"","overlay-type":"","overlay-color":"","overlay-opacity":"","overlay-gradient":""},"tablet":{"background-color":"var(--ast-global-color-4)","background-image":"","background-repeat":"repeat","background-position":"center center","background-size":"auto","background-attachment":"scroll","background-type":"","background-media":"","overlay-type":"","overlay-color":"","overlay-opacity":"","overlay-gradient":""},"mobile":{"background-color":"var(--ast-global-color-4)","background-image":"","background-repeat":"repeat","background-position":"center center","background-size":"auto","background-attachment":"scroll","background-type":"","background-media":"","overlay-type":"","overlay-color":"","overlay-opacity":"","overlay-gradient":""}},"footnotes":""},"class_list":["post-54","page","type-page","status-publish","hentry"],"uagb_featured_image_src":{"full":false,"thumbnail":false,"medium":false,"medium_large":false,"large":false,"1536x1536":false,"2048x2048":false},"uagb_author_info":{"display_name":"admin8335","author_link":"https:\/\/office44081.fr\/index.php\/author\/admin8335\/"},"uagb_comment_info":0,"uagb_excerpt":"TARIFS Prestations non soumises au tarif r\u00e9glement\u00e9Article L 444-1 du d\u00e9cret 26 f\u00e9vrier 2016, modifi\u00e9s Tarifs li\u00e9s \u00e0 l&rsquo;immobilier Nature [&hellip;]","_links":{"self":[{"href":"https:\/\/office44081.fr\/index.php\/wp-json\/wp\/v2\/pages\/54","targetHints":{"allow":["GET"]}}],"collection":[{"href":"https:\/\/office44081.fr\/index.php\/wp-json\/wp\/v2\/pages"}],"about":[{"href":"https:\/\/office44081.fr\/index.php\/wp-json\/wp\/v2\/types\/page"}],"author":[{"embeddable":true,"href":"https:\/\/office44081.fr\/index.php\/wp-json\/wp\/v2\/users\/1"}],"replies":[{"embeddable":true,"href":"https:\/\/office44081.fr\/index.php\/wp-json\/wp\/v2\/comments?post=54"}],"version-history":[{"count":13,"href":"https:\/\/office44081.fr\/index.php\/wp-json\/wp\/v2\/pages\/54\/revisions"}],"predecessor-version":[{"id":523,"href":"https:\/\/office44081.fr\/index.php\/wp-json\/wp\/v2\/pages\/54\/revisions\/523"}],"wp:attachment":[{"href":"https:\/\/office44081.fr\/index.php\/wp-json\/wp\/v2\/media?parent=54"}],"curies":[{"name":"wp","href":"https:\/\/api.w.org\/{rel}","templated":true}]}}