{"id":22,"date":"2026-02-19T15:34:18","date_gmt":"2026-02-19T15:34:18","guid":{"rendered":"http:\/\/neenflk.cluster121.hosting.ovh.net\/?page_id=22"},"modified":"2026-04-17T14:29:33","modified_gmt":"2026-04-17T13:29:33","slug":"prendre-rdv","status":"publish","type":"page","link":"https:\/\/office44081.fr\/index.php\/prendre-rdv\/","title":{"rendered":"Contact"},"content":{"rendered":"\n<div class=\"wp-block-group has-ast-global-color-7-background-color has-background is-layout-constrained wp-block-group-is-layout-constrained\" style=\"margin-top:var(--wp--preset--spacing--30);margin-bottom:var(--wp--preset--spacing--30)\">\n<h2 class=\"wp-block-heading has-text-align-center has-ast-global-color-0-color has-text-color has-link-color has-x-large-font-size wp-elements-3430f5d37d5a1b5a517e05a110607fa9\">Nous contacter<\/h2>\n\n\n\n<hr class=\"wp-block-separator has-alpha-channel-opacity\"\/>\n<\/div>\n\n\n\n<div class=\"wp-block-buttons is-horizontal is-content-justification-right is-layout-flex wp-container-core-buttons-is-layout-30af2ff6 wp-block-buttons-is-layout-flex\" style=\"border-top-left-radius:25px;border-top-right-radius:25px;border-bottom-left-radius:25px;border-bottom-right-radius:25px\">\n<div class=\"wp-block-button has-custom-width wp-block-button__width-25 is-style-fill\"><a class=\"wp-block-button__link wp-element-button\" href=\"http:\/\/neenflk.cluster121.hosting.ovh.net\/index.php\/rendez-vous\/\" style=\"border-top-left-radius:25px;border-top-right-radius:25px;border-bottom-left-radius:25px;border-bottom-right-radius:25px\">Prendre rendez-vous<\/a><\/div>\n<\/div>\n\n\n\n<div class=\"wp-block-group is-layout-constrained wp-container-core-group-is-layout-19e250f3 wp-block-group-is-layout-constrained\" style=\"min-height:0px\">\n<h2 class=\"wp-block-heading\"><strong><font dir=\"auto\" style=\"vertical-align: inherit;\"><font dir=\"auto\" style=\"vertical-align: inherit;\">Coordonn\u00e9e<\/font><\/font>s<\/strong><\/h2>\n<\/div>\n\n\n\n<div class=\"wp-block-columns is-layout-flex wp-container-core-columns-is-layout-a5331a9e wp-block-columns-is-layout-flex\" style=\"padding-top:0;padding-right:0;padding-bottom:0;padding-left:0\">\n<div class=\"wp-block-column is-layout-flow wp-block-column-is-layout-flow\">\n<div class=\"wp-block-columns is-layout-flex wp-container-core-columns-is-layout-28f84493 wp-block-columns-is-layout-flex\">\n<div class=\"wp-block-column is-vertically-aligned-top is-layout-flow wp-block-column-is-layout-flow\" style=\"flex-basis:50px\">      \n\t\t\t<div class=\"uagb-icon-wrapper uagb-block-a9af31d9      \"\n\t\t\tstyle=\"\" >\n\t\t\t\t\t\t\t\t\t<span class=\"uagb-svg-wrapper\" \n\t\t\t\t\t aria-label=\"location-dot\"\t\t\t\t\ttabindex=\"0\">\t\t\n\t\t\t\t\t\t\t\t\t\t<svg xmlns=\"https:\/\/www.w3.org\/2000\/svg\" viewBox= \"0 0 384 512\" role=\"graphics-symbol\" aria-hidden=\"false\" aria-label=\"\"><path d=\"M168.3 499.2C116.1 435 0 279.4 0 192C0 85.96 85.96 0 192 0C298 0 384 85.96 384 192C384 279.4 267 435 215.7 499.2C203.4 514.5 180.6 514.5 168.3 499.2H168.3zM192 256C227.3 256 256 227.3 256 192C256 156.7 227.3 128 192 128C156.7 128 128 156.7 128 192C128 227.3 156.7 256 192 256z\"><\/path><\/svg>\n\t\t\t\t\t\t\t\t\t<\/span>\n\t\t\t\t\t\t\t<\/div>\n\t\t\t<\/div>\n\n\n\n<div class=\"wp-block-column is-vertically-aligned-center is-layout-flow wp-block-column-is-layout-flow\">\n<div class=\"wp-block-group is-layout-constrained wp-block-group-is-layout-constrained\">\n<h5 class=\"wp-block-heading has-medium-font-size\">Adresse<\/h5>\n\n\n\n<p class=\"has-text-color has-link-color wp-elements-cbf992116972291f495801a5371b1550\" style=\"color:#6c8da6;margin-top:0;margin-bottom:0\">1 rue Bertrand<\/p>\n\n\n\n<p class=\"has-text-color has-link-color wp-elements-8a41a764cfe27b4c4e358f78261e9d53\" style=\"color:#6c8da6;margin-top:0;margin-bottom:0\">44120 VERTOU<\/p>\n<\/div>\n<\/div>\n<\/div>\n\n\n\n<div class=\"wp-block-columns is-layout-flex wp-container-core-columns-is-layout-28f84493 wp-block-columns-is-layout-flex\">\n<div class=\"wp-block-column is-layout-flow wp-block-column-is-layout-flow\" style=\"flex-basis:50px\">      \n\t\t\t<div class=\"uagb-icon-wrapper uagb-block-a45f939d      \"\n\t\t\tstyle=\"\" >\n\t\t\t\t\t\t\t\t\t<span class=\"uagb-svg-wrapper\" \n\t\t\t\t\t aria-label=\"envelope\"\t\t\t\t\ttabindex=\"0\">\t\t\n\t\t\t\t\t\t\t\t\t\t<svg xmlns=\"https:\/\/www.w3.org\/2000\/svg\" viewBox= \"0 0 512 512\" role=\"graphics-symbol\" aria-hidden=\"false\" aria-label=\"\"><path d=\"M464 64C490.5 64 512 85.49 512 112C512 127.1 504.9 141.3 492.8 150.4L275.2 313.6C263.8 322.1 248.2 322.1 236.8 313.6L19.2 150.4C7.113 141.3 0 127.1 0 112C0 85.49 21.49 64 48 64H464zM217.6 339.2C240.4 356.3 271.6 356.3 294.4 339.2L512 176V384C512 419.3 483.3 448 448 448H64C28.65 448 0 419.3 0 384V176L217.6 339.2z\"><\/path><\/svg>\n\t\t\t\t\t\t\t\t\t<\/span>\n\t\t\t\t\t\t\t<\/div>\n\t\t\t<\/div>\n\n\n\n<div class=\"wp-block-column is-layout-flow wp-block-column-is-layout-flow\">\n<div class=\"wp-block-group is-layout-constrained wp-block-group-is-layout-constrained\">\n<h5 class=\"wp-block-heading has-medium-font-size\">E-mail<\/h5>\n\n\n\n<p class=\"has-text-color has-link-color wp-elements-b88ba2c99c4335cfde81e4d88307f7c6\" style=\"color:#6c8da6;margin-top:0;margin-bottom:0\">office.44081@notaires.fr<\/p>\n<\/div>\n<\/div>\n<\/div>\n\n\n\n<div class=\"wp-block-columns is-layout-flex wp-container-core-columns-is-layout-28f84493 wp-block-columns-is-layout-flex\">\n<div class=\"wp-block-column is-layout-flow wp-block-column-is-layout-flow\" style=\"flex-basis:50px\">      \n\t\t\t<div class=\"uagb-icon-wrapper uagb-block-695d2b25      \"\n\t\t\tstyle=\"\" >\n\t\t\t\t\t\t\t\t\t<span class=\"uagb-svg-wrapper\" \n\t\t\t\t\t\t\t\t\t\ttabindex=\"0\">\t\t\n\t\t\t\t\t\t\t\t\t\t<svg xmlns=\"https:\/\/www.w3.org\/2000\/svg\" viewBox= \"0 0 512 512\" aria-hidden=\"true\"><path d=\"M18.92 351.2l108.5-46.52c12.78-5.531 27.77-1.801 36.45 8.98l44.09 53.82c69.25-34 125.5-90.31 159.5-159.5l-53.81-44.04c-10.75-8.781-14.41-23.69-8.974-36.47l46.51-108.5c6.094-13.91 21.1-21.52 35.79-18.11l100.8 23.25c14.25 3.25 24.22 15.8 24.22 30.46c0 252.3-205.2 457.5-457.5 457.5c-14.67 0-27.18-9.968-30.45-24.22l-23.25-100.8C-2.571 372.4 5.018 357.2 18.92 351.2z\"><\/path><\/svg>\n\t\t\t\t\t\t\t\t\t<\/span>\n\t\t\t\t\t\t\t<\/div>\n\t\t\t<\/div>\n\n\n\n<div class=\"wp-block-column is-layout-flow wp-block-column-is-layout-flow\">\n<div class=\"wp-block-group is-layout-constrained wp-block-group-is-layout-constrained\">\n<h5 class=\"wp-block-heading has-medium-font-size\">T\u00e9l\u00e9phone<\/h5>\n\n\n\n<p class=\"has-text-color has-link-color wp-elements-a242a938f3b5a4e8bbfa9c91304eb58b\" style=\"color:#6c8da6;margin-top:0;margin-bottom:0\">02.42.05.04.80<\/p>\n<\/div>\n<\/div>\n<\/div>\n\n\n\n<div class=\"wp-block-columns is-layout-flex wp-container-core-columns-is-layout-28f84493 wp-block-columns-is-layout-flex\">\n<div class=\"wp-block-column is-layout-flow wp-block-column-is-layout-flow\" style=\"flex-basis:50px\">      \n\t\t\t<div class=\"uagb-icon-wrapper uagb-block-7f0f0f86      \"\n\t\t\tstyle=\"\" >\n\t\t\t\t\t\t\t\t\t<span class=\"uagb-svg-wrapper\" \n\t\t\t\t\t aria-label=\"clock\"\t\t\t\t\ttabindex=\"0\">\t\t\n\t\t\t\t\t\t\t\t\t\t<svg xmlns=\"https:\/\/www.w3.org\/2000\/svg\" viewBox= \"0 0 512 512\" role=\"graphics-symbol\" aria-hidden=\"false\" aria-label=\"\"><path d=\"M256 512C114.6 512 0 397.4 0 256C0 114.6 114.6 0 256 0C397.4 0 512 114.6 512 256C512 397.4 397.4 512 256 512zM232 256C232 264 236 271.5 242.7 275.1L338.7 339.1C349.7 347.3 364.6 344.3 371.1 333.3C379.3 322.3 376.3 307.4 365.3 300L280 243.2V120C280 106.7 269.3 96 255.1 96C242.7 96 231.1 106.7 231.1 120L232 256z\"><\/path><\/svg>\n\t\t\t\t\t\t\t\t\t<\/span>\n\t\t\t\t\t\t\t<\/div>\n\t\t\t<\/div>\n\n\n\n<div class=\"wp-block-column is-layout-flow wp-block-column-is-layout-flow\">\n<div class=\"wp-block-group is-layout-constrained wp-block-group-is-layout-constrained\">\n<h5 class=\"wp-block-heading has-medium-font-size\">Horaires<\/h5>\n\n\n\n<p class=\"has-text-color has-link-color wp-elements-c37bfcd080ec38c2a92b7a58fa6bfe3d\" style=\"color:#6c8da6;margin-top:0;margin-bottom:0\">Lundi au Vendredi : 9h00-12h30 14h00-18h30<\/p>\n\n\n\n<p class=\"has-text-color has-link-color wp-elements-729eeb70952a3aaae9e2a243e98c1283\" style=\"color:#6c8da6;margin-top:0;margin-bottom:0\">Samedi : 9h00-12h30 (sur rendez-vous)<\/p>\n<\/div>\n<\/div>\n<\/div>\n\n\n\n<div class=\"wp-block-columns is-layout-flex wp-container-core-columns-is-layout-28f84493 wp-block-columns-is-layout-flex\">\n<div class=\"wp-block-column is-layout-flow wp-block-column-is-layout-flow\" style=\"flex-basis:50px\">      \n\t\t\t<div class=\"uagb-icon-wrapper uagb-block-ab4f4fc2      \"\n\t\t\tstyle=\"\" >\n\t\t\t\t\t\t\t\t\t<span class=\"uagb-svg-wrapper\" \n\t\t\t\t\t aria-label=\"wheelchair\"\t\t\t\t\ttabindex=\"0\">\t\t\n\t\t\t\t\t\t\t\t\t\t<svg xmlns=\"https:\/\/www.w3.org\/2000\/svg\" viewBox= \"0 0 512 512\" role=\"graphics-symbol\" aria-hidden=\"false\" aria-label=\"\"><path d=\"M510.3 421.9c-5.594-16.75-23.53-25.84-40.47-20.22l-19.38 6.438l-41.7-99.97C403.9 295.1 392.2 288 379.1 288h-97.78l-10.4-48h65.11c17.69 0 32-14.31 32-32s-14.31-32-32-32h-78.98L255.6 169.2C251.8 142.1 227.2 124.8 201.2 128.5C174.1 132.2 156.7 156.5 160.5 182.8l23.68 140.4C185.8 339.6 199.6 352 216 352h141.4l44.86 107.9C407.3 472.3 419.3 480 432 480c3.344 0 6.781-.5313 10.12-1.656l48-16C506.9 456.8 515.9 438.7 510.3 421.9zM160 464c-61.76 0-112-50.24-112-112c0-54.25 38.78-99.55 90.06-109.8L130.1 195C56.06 209 0 273.9 0 352c0 88.37 71.63 160 160 160c77.4 0 141.9-54.97 156.8-128h-49.1C252.9 430.1 210.6 464 160 464zM192 96c26.51 0 48-21.49 48-48S218.5 0 192 0S144 21.49 144 48S165.5 96 192 96z\"><\/path><\/svg>\n\t\t\t\t\t\t\t\t\t<\/span>\n\t\t\t\t\t\t\t<\/div>\n\t\t\t<\/div>\n\n\n\n<div class=\"wp-block-column is-layout-flow wp-block-column-is-layout-flow\">\n<div class=\"wp-block-group is-layout-constrained wp-block-group-is-layout-constrained\">\n<h5 class=\"wp-block-heading has-medium-font-size\">Accessibilit\u00e9<\/h5>\n\n\n\n<p class=\"has-text-color has-link-color wp-elements-d3134b7fb0c3f04b2f78b8eb0511cd44\" style=\"color:#6c8da6;margin-top:0;margin-bottom:0\">Accessible aux personnes \u00e0 mobilit\u00e9 r\u00e9duite<\/p>\n<\/div>\n<\/div>\n<\/div>\n<\/div>\n\n\n\n<div class=\"wp-block-column is-layout-flow wp-block-column-is-layout-flow\">\n<iframe src=\"https:\/\/www.google.com\/maps\/embed?pb=!1m18!1m12!1m3!1d109333.83843708715!2d-1.6073254046812435!3d47.171548996899126!2m3!1f0!2f0!3f0!3m2!1i1024!2i768!4f13.1!3m3!1m2!1s0x4805e7000d7f3543%3A0xaf651ec5da9ef70f!2sFlorence%20BOUVIER%2C%20Notaire%20%C3%A0%20VERTOU!5e0!3m2!1sfr!2sfr!4v1771743793316!5m2!1sfr!2sfr\" width=\"600\" height=\"450\" style=\"border:0;\" allowfullscreen=\"\" loading=\"lazy\" referrerpolicy=\"no-referrer-when-downgrade\"><\/iframe>\n<\/div>\n<\/div>\n\n\n\n<div style=\"height:100px\" aria-hidden=\"true\" class=\"wp-block-spacer\"><\/div>\n\n\n\n<h2 class=\"wp-block-heading\"><strong>Parkings gratuits \u00e0 proximit\u00e9<\/strong><\/h2>\n\n\n\n<p>Parking zone bleue: <\/p>\n\n\n\n<ul class=\"wp-block-list\">\n<li>place du Beau Verger (dur\u00e9e 1h30)<\/li>\n<\/ul>\n\n\n\n<p>Parkings :<\/p>\n\n\n\n<ul class=\"wp-block-list\">\n<li>place du March\u00e9<\/li>\n\n\n\n<li>rue du 8 mai 1945<\/li>\n<\/ul>\n\n\n\n<div class=\"wp-block-group is-layout-constrained wp-container-core-group-is-layout-639b5052 wp-block-group-is-layout-constrained\" style=\"padding-top:0;padding-right:0;padding-bottom:0;padding-left:0\">\n<h2 class=\"wp-block-heading\"><strong>Formulaire de contact<\/strong><\/h2>\n\n\n<style id=\"wpforms-css-vars-180-block-76658471-4da0-49b2-9c29-780d541982e5\">\n\t\t\t\t#wpforms-180.wpforms-block-76658471-4da0-49b2-9c29-780d541982e5 {\n\t\t\t\t--wpforms-label-color: var(--ast-global-color-2);\n--wpforms-label-sublabel-color: rgba(0, 0, 0, 0.55);\n--wpforms-field-border-color: rgba(0, 0, 0, 0.25);\n--wpforms-field-border-color-spare: rgba(0, 0, 0, 0.25);\n--wpforms-field-text-color: var(--ast-global-color-1);\n--wpforms-button-background-color: var(--ast-global-color-1);\n--wpforms-field-size-input-height: 43px;\n--wpforms-field-size-input-spacing: 15px;\n--wpforms-field-size-font-size: 16px;\n--wpforms-field-size-line-height: 19px;\n--wpforms-field-size-padding-h: 14px;\n--wpforms-field-size-checkbox-size: 16px;\n--wpforms-field-size-sublabel-spacing: 5px;\n--wpforms-field-size-icon-size: 1;\n--wpforms-label-size-font-size: 16px;\n--wpforms-label-size-line-height: 19px;\n--wpforms-label-size-sublabel-font-size: 14px;\n--wpforms-label-size-sublabel-line-height: 17px;\n--wpforms-button-size-font-size: 17px;\n--wpforms-button-size-height: 41px;\n--wpforms-button-size-padding-h: 15px;\n--wpforms-button-size-margin-top: 10px;\n\t\t\t}\n\t\t\t<\/style><div class=\"wpforms-container wpforms-container-full wpforms-block wpforms-block-76658471-4da0-49b2-9c29-780d541982e5 wpforms-render-modern\" id=\"wpforms-180\"><form id=\"wpforms-form-180\" class=\"wpforms-validate wpforms-form wpforms-ajax-form\" data-formid=\"180\" method=\"post\" enctype=\"multipart\/form-data\" action=\"\/index.php\/wp-json\/wp\/v2\/pages\/22\" data-token=\"f7f9ad49c5b0bb7f3b32bceaeffd1cf9\" data-token-time=\"1776442717\"><noscript class=\"wpforms-error-noscript\">Veuillez activer JavaScript dans votre navigateur pour remplir ce formulaire.<\/noscript><div id=\"wpforms-error-noscript\" style=\"display: none;\">Veuillez activer JavaScript dans votre navigateur pour remplir ce formulaire.<\/div><div class=\"wpforms-field-container\"><div id=\"wpforms-180-field_1-container\" class=\"wpforms-field wpforms-field-name\" data-field-id=\"1\"><fieldset><legend class=\"wpforms-field-label\">Nom <span class=\"wpforms-required-label\" aria-hidden=\"true\">*<\/span><\/legend><div class=\"wpforms-field-row wpforms-field-medium\"><div class=\"wpforms-field-row-block wpforms-first wpforms-one-half\"><input type=\"text\" id=\"wpforms-180-field_1\" class=\"wpforms-field-name-first wpforms-field-required\" name=\"wpforms[fields][1][first]\" aria-errormessage=\"wpforms-180-field_1-error\" required><label for=\"wpforms-180-field_1\" class=\"wpforms-field-sublabel after\">Pr\u00e9nom<\/label><\/div><div class=\"wpforms-field-row-block wpforms-one-half\"><input type=\"text\" id=\"wpforms-180-field_1-last\" class=\"wpforms-field-name-last wpforms-field-required\" name=\"wpforms[fields][1][last]\" aria-errormessage=\"wpforms-180-field_1-last-error\" required><label for=\"wpforms-180-field_1-last\" class=\"wpforms-field-sublabel after\">Nom<\/label><\/div><\/div><\/fieldset><\/div><div id=\"wpforms-180-field_2-container\" class=\"wpforms-field wpforms-field-email\" data-field-id=\"2\"><label class=\"wpforms-field-label\" for=\"wpforms-180-field_2\">E-mail <span class=\"wpforms-required-label\" aria-hidden=\"true\">*<\/span><\/label><input type=\"email\" id=\"wpforms-180-field_2\" class=\"wpforms-field-medium wpforms-field-required\" name=\"wpforms[fields][2]\" spellcheck=\"false\" aria-errormessage=\"wpforms-180-field_2-error\" required><\/div>\t\t<div id=\"wpforms-180-field_4-container\"\n\t\t\tclass=\"wpforms-field wpforms-field-text\"\n\t\t\tdata-field-type=\"text\"\n\t\t\tdata-field-id=\"4\"\n\t\t\t>\n\t\t\t<label class=\"wpforms-field-label\" for=\"wpforms-180-field_4\" >E-mail Nom demande<\/label>\n\t\t\t<input type=\"text\" id=\"wpforms-180-field_4\" class=\"wpforms-field-medium\" name=\"wpforms[fields][4]\" >\n\t\t<\/div>\n\t\t<div id=\"wpforms-180-field_3-container\" class=\"wpforms-field wpforms-field-textarea\" data-field-id=\"3\"><label class=\"wpforms-field-label\" for=\"wpforms-180-field_3\">Votre demande<\/label><textarea id=\"wpforms-180-field_3\" class=\"wpforms-field-medium\" name=\"wpforms[fields][3]\" aria-errormessage=\"wpforms-180-field_3-error\" ><\/textarea><\/div><script>\n\t\t\t\t( function() {\n\t\t\t\t\tconst style = document.createElement( 'style' );\n\t\t\t\t\tstyle.appendChild( document.createTextNode( '#wpforms-180-field_4-container { position: absolute !important; overflow: hidden !important; display: inline !important; height: 1px !important; width: 1px !important; z-index: -1000 !important; padding: 0 !important; } #wpforms-180-field_4-container input { visibility: hidden; } #wpforms-conversational-form-page #wpforms-180-field_4-container label { counter-increment: none; }' ) );\n\t\t\t\t\tdocument.head.appendChild( style );\n\t\t\t\t\tdocument.currentScript?.remove();\n\t\t\t\t} )();\n\t\t\t<\/script><\/div><!-- .wpforms-field-container --><div class=\"wpforms-submit-container\" ><input type=\"hidden\" name=\"wpforms[id]\" value=\"180\"><input type=\"hidden\" name=\"page_title\" value=\"\"><input type=\"hidden\" name=\"page_url\" value=\"https:\/\/office44081.fr\/index.php\/wp-json\/wp\/v2\/pages\/22\"><input type=\"hidden\" name=\"url_referer\" value=\"\"><button type=\"submit\" name=\"wpforms[submit]\" id=\"wpforms-submit-180\" class=\"wpforms-submit\" data-alt-text=\"Envoi en cours ...\" data-submit-text=\"Envoyer\" aria-live=\"assertive\" value=\"wpforms-submit\">Envoyer<\/button><img loading=\"lazy\" decoding=\"async\" src=\"https:\/\/office44081.fr\/wp-content\/plugins\/wpforms-lite\/assets\/images\/submit-spin.svg\" class=\"wpforms-submit-spinner\" style=\"display: none;\" width=\"26\" height=\"26\" alt=\"Chargement en cours\"><\/div><\/form><\/div>  <!-- .wpforms-container --><\/div>\n\n\n\n<p><font dir=\"auto\" style=\"vertical-align: inherit;\"><font dir=\"auto\" style=\"vertical-align: inherit;\"><em>Les informations recueillies sont destin\u00e9es exclusivement \u00e0 l&rsquo;Office notarial et ne seront pas transmises \u00e0 des tiers.<\/em><\/font><\/font><\/p>\n","protected":false},"excerpt":{"rendered":"<p>Nous contacter Coordonn\u00e9es Adresse 1 rue Bertrand 44120 VERTOU E-mail office.44081@notaires.fr T\u00e9l\u00e9phone 02.42.05.04.80 Horaires Lundi au Vendredi : 9h00-12h30 14h00-18h30 [&hellip;]<\/p>\n","protected":false},"author":1,"featured_media":0,"parent":0,"menu_order":0,"comment_status":"closed","ping_status":"closed","template":"","meta":{"_uag_custom_page_level_css":"","site-sidebar-layout":"default","site-content-layout":"","ast-site-content-layout":"default","site-content-style":"default","site-sidebar-style":"default","ast-global-header-display":"","ast-banner-title-visibility":"","ast-main-header-display":"","ast-hfb-above-header-display":"","ast-hfb-below-header-display":"","ast-hfb-mobile-header-display":"","site-post-title":"disabled","ast-breadcrumbs-content":"","ast-featured-img":"","footer-sml-layout":"","ast-disable-related-posts":"","theme-transparent-header-meta":"disabled","adv-header-id-meta":"","stick-header-meta":"","header-above-stick-meta":"","header-main-stick-meta":"","header-below-stick-meta":"","astra-migrate-meta-layouts":"default","ast-page-background-enabled":"default","ast-page-background-meta":{"desktop":{"background-color":"var(--ast-global-color-5)","background-image":"","background-repeat":"repeat","background-position":"center center","background-size":"auto","background-attachment":"scroll","background-type":"","background-media":"","overlay-type":"","overlay-color":"","overlay-opacity":"","overlay-gradient":""},"tablet":{"background-color":"","background-image":"","background-repeat":"repeat","background-position":"center center","background-size":"auto","background-attachment":"scroll","background-type":"","background-media":"","overlay-type":"","overlay-color":"","overlay-opacity":"","overlay-gradient":""},"mobile":{"background-color":"","background-image":"","background-repeat":"repeat","background-position":"center center","background-size":"auto","background-attachment":"scroll","background-type":"","background-media":"","overlay-type":"","overlay-color":"","overlay-opacity":"","overlay-gradient":""}},"ast-content-background-meta":{"desktop":{"background-color":"var(--ast-global-color-4)","background-image":"","background-repeat":"repeat","background-position":"center center","background-size":"auto","background-attachment":"scroll","background-type":"","background-media":"","overlay-type":"","overlay-color":"","overlay-opacity":"","overlay-gradient":""},"tablet":{"background-color":"var(--ast-global-color-4)","background-image":"","background-repeat":"repeat","background-position":"center center","background-size":"auto","background-attachment":"scroll","background-type":"","background-media":"","overlay-type":"","overlay-color":"","overlay-opacity":"","overlay-gradient":""},"mobile":{"background-color":"var(--ast-global-color-4)","background-image":"","background-repeat":"repeat","background-position":"center center","background-size":"auto","background-attachment":"scroll","background-type":"","background-media":"","overlay-type":"","overlay-color":"","overlay-opacity":"","overlay-gradient":""}},"footnotes":""},"class_list":["post-22","page","type-page","status-publish","hentry"],"uagb_featured_image_src":{"full":false,"thumbnail":false,"medium":false,"medium_large":false,"large":false,"1536x1536":false,"2048x2048":false},"uagb_author_info":{"display_name":"admin8335","author_link":"https:\/\/office44081.fr\/index.php\/author\/admin8335\/"},"uagb_comment_info":0,"uagb_excerpt":"Nous contacter Coordonn\u00e9es Adresse 1 rue Bertrand 44120 VERTOU E-mail office.44081@notaires.fr T\u00e9l\u00e9phone 02.42.05.04.80 Horaires Lundi au Vendredi : 9h00-12h30 14h00-18h30 [&hellip;]","_links":{"self":[{"href":"https:\/\/office44081.fr\/index.php\/wp-json\/wp\/v2\/pages\/22","targetHints":{"allow":["GET"]}}],"collection":[{"href":"https:\/\/office44081.fr\/index.php\/wp-json\/wp\/v2\/pages"}],"about":[{"href":"https:\/\/office44081.fr\/index.php\/wp-json\/wp\/v2\/types\/page"}],"author":[{"embeddable":true,"href":"https:\/\/office44081.fr\/index.php\/wp-json\/wp\/v2\/users\/1"}],"replies":[{"embeddable":true,"href":"https:\/\/office44081.fr\/index.php\/wp-json\/wp\/v2\/comments?post=22"}],"version-history":[{"count":34,"href":"https:\/\/office44081.fr\/index.php\/wp-json\/wp\/v2\/pages\/22\/revisions"}],"predecessor-version":[{"id":532,"href":"https:\/\/office44081.fr\/index.php\/wp-json\/wp\/v2\/pages\/22\/revisions\/532"}],"wp:attachment":[{"href":"https:\/\/office44081.fr\/index.php\/wp-json\/wp\/v2\/media?parent=22"}],"curies":[{"name":"wp","href":"https:\/\/api.w.org\/{rel}","templated":true}]}}