{"id":163,"date":"2026-02-22T06:07:32","date_gmt":"2026-02-22T06:07:32","guid":{"rendered":"http:\/\/neenflk.cluster121.hosting.ovh.net\/?page_id=163"},"modified":"2026-04-16T16:57:07","modified_gmt":"2026-04-16T15:57:07","slug":"rendez-vous","status":"publish","type":"page","link":"https:\/\/office44081.fr\/index.php\/rendez-vous\/","title":{"rendered":"Rendez-vous"},"content":{"rendered":"\n<div class=\"wp-block-group is-layout-constrained wp-block-group-is-layout-constrained\">\n<figure class=\"wp-block-image aligncenter size-large is-resized\"><img loading=\"lazy\" decoding=\"async\" width=\"1024\" height=\"506\" src=\"https:\/\/office44081.fr\/wp-content\/uploads\/2026\/02\/Blue_LogoEtude_v5_PourPNG-1024x506.png\" alt=\"\" class=\"wp-image-151\" style=\"aspect-ratio:2.0237795275590553;width:265px;height:auto\" srcset=\"https:\/\/office44081.fr\/wp-content\/uploads\/2026\/02\/Blue_LogoEtude_v5_PourPNG-1024x506.png 1024w, https:\/\/office44081.fr\/wp-content\/uploads\/2026\/02\/Blue_LogoEtude_v5_PourPNG-300x148.png 300w, https:\/\/office44081.fr\/wp-content\/uploads\/2026\/02\/Blue_LogoEtude_v5_PourPNG-768x379.png 768w, https:\/\/office44081.fr\/wp-content\/uploads\/2026\/02\/Blue_LogoEtude_v5_PourPNG-1536x759.png 1536w, https:\/\/office44081.fr\/wp-content\/uploads\/2026\/02\/Blue_LogoEtude_v5_PourPNG-100x49.png 100w, https:\/\/office44081.fr\/wp-content\/uploads\/2026\/02\/Blue_LogoEtude_v5_PourPNG.png 1796w\" sizes=\"auto, (max-width: 1024px) 100vw, 1024px\" \/><\/figure>\n\n\n\n<h2 class=\"wp-block-heading has-text-align-center\"><strong>Prendre rendez-vous avec Ma\u00eetre Florence BOUVIER<\/strong><\/h2>\n\n\n\n<hr class=\"wp-block-separator has-alpha-channel-opacity\" style=\"margin-top:var(--wp--preset--spacing--70);margin-bottom:var(--wp--preset--spacing--70)\"\/>\n\n\n\n<div class=\"wp-block-group is-layout-constrained wp-block-group-is-layout-constrained\">\n<h4 class=\"wp-block-heading has-text-align-center\" style=\"padding-right:var(--wp--preset--spacing--80);padding-left:var(--wp--preset--spacing--80)\">S\u00e9lectionnez le type de rendez-vous correspondant \u00e0 votre besoin.<br>Les rendez-vous ont lieu \u00e0 l\u2019\u00e9tude, sur confirmation pr\u00e9alable.<\/h4>\n<\/div>\n<\/div>\n\n\n\n<div class=\"wp-block-group has-ast-global-color-7-background-color has-background is-layout-constrained wp-block-group-is-layout-constrained\">\n<div class=\"wp-block-columns is-layout-flex wp-container-core-columns-is-layout-28f84493 wp-block-columns-is-layout-flex\">\n<div class=\"wp-block-column is-layout-flow wp-block-column-is-layout-flow\">\n<div class=\"wp-block-buttons has-ast-global-color-1-background-color has-background is-content-justification-center is-layout-flex wp-container-core-buttons-is-layout-a89b3969 wp-block-buttons-is-layout-flex\" style=\"border-top-left-radius:10px;border-top-right-radius:10px;border-bottom-left-radius:10px;border-bottom-right-radius:10px\">\n<div class=\"wp-block-button\"><a class=\"wp-block-button__link has-medium-font-size has-custom-font-size wp-element-button\" href=\"https:\/\/cal.eu\/florence-bouvier\/succession\" target=\"_blank\" rel=\"noreferrer noopener\">Succession<\/a><\/div>\n<\/div>\n<\/div>\n\n\n\n<div class=\"wp-block-column is-layout-flow wp-block-column-is-layout-flow\">\n<div class=\"wp-block-buttons has-ast-global-color-1-background-color has-background is-content-justification-center is-layout-flex wp-container-core-buttons-is-layout-a89b3969 wp-block-buttons-is-layout-flex\" style=\"border-top-left-radius:10px;border-top-right-radius:10px;border-bottom-left-radius:10px;border-bottom-right-radius:10px\">\n<div class=\"wp-block-button\"><a class=\"wp-block-button__link has-medium-font-size has-custom-font-size wp-element-button\" href=\"https:\/\/cal.eu\/florence-bouvier\/immobilier\" target=\"_blank\" rel=\"noreferrer noopener\">Immobilier<\/a><\/div>\n<\/div>\n<\/div>\n<\/div>\n\n\n\n<div class=\"wp-block-columns is-layout-flex wp-container-core-columns-is-layout-28f84493 wp-block-columns-is-layout-flex\">\n<div class=\"wp-block-column is-layout-flow wp-block-column-is-layout-flow\">\n<div class=\"wp-block-buttons has-ast-global-color-1-background-color has-background is-content-justification-center is-layout-flex wp-container-core-buttons-is-layout-a89b3969 wp-block-buttons-is-layout-flex\" style=\"border-top-left-radius:10px;border-top-right-radius:10px;border-bottom-left-radius:10px;border-bottom-right-radius:10px\">\n<div class=\"wp-block-button\"><a class=\"wp-block-button__link has-medium-font-size has-custom-font-size wp-element-button\" href=\"https:\/\/cal.eu\/florence-bouvier\/famille\" target=\"_blank\" rel=\"noreferrer noopener\">Donation \/ Famille<\/a><\/div>\n<\/div>\n<\/div>\n\n\n\n<div class=\"wp-block-column is-layout-flow wp-block-column-is-layout-flow\">\n<div class=\"wp-block-buttons has-ast-global-color-1-background-color has-background is-content-justification-center is-layout-flex wp-container-core-buttons-is-layout-a89b3969 wp-block-buttons-is-layout-flex\" style=\"border-top-left-radius:10px;border-top-right-radius:10px;border-bottom-left-radius:10px;border-bottom-right-radius:10px\">\n<div class=\"wp-block-button\"><a class=\"wp-block-button__link has-medium-font-size has-custom-font-size wp-element-button\" href=\"https:\/\/cal.eu\/florence-bouvier\/societe\" target=\"_blank\" rel=\"noreferrer noopener\">SCI \/ Soci\u00e9t\u00e9<\/a><\/div>\n<\/div>\n<\/div>\n<\/div>\n\n\n\n<div class=\"wp-block-columns is-layout-flex wp-container-core-columns-is-layout-28f84493 wp-block-columns-is-layout-flex\">\n<div class=\"wp-block-column is-layout-flow wp-block-column-is-layout-flow\">\n<div class=\"wp-block-buttons has-ast-global-color-1-background-color has-background is-content-justification-center is-layout-flex wp-container-core-buttons-is-layout-a89b3969 wp-block-buttons-is-layout-flex\" style=\"border-top-left-radius:10px;border-top-right-radius:10px;border-bottom-left-radius:10px;border-bottom-right-radius:10px\">\n<div class=\"wp-block-button\"><a class=\"wp-block-button__link has-medium-font-size has-custom-font-size wp-element-button\" href=\"https:\/\/cal.eu\/florence-bouvier\/suivi\" target=\"_blank\" rel=\"noreferrer noopener\">Suivi dossier<\/a><\/div>\n<\/div>\n<\/div>\n\n\n\n<div class=\"wp-block-column is-layout-flow wp-block-column-is-layout-flow\">\n<div class=\"wp-block-buttons has-ast-global-color-1-background-color has-background is-content-justification-center is-layout-flex wp-container-core-buttons-is-layout-a89b3969 wp-block-buttons-is-layout-flex\" style=\"border-top-left-radius:10px;border-top-right-radius:10px;border-bottom-left-radius:10px;border-bottom-right-radius:10px\">\n<div class=\"wp-block-button\"><a class=\"wp-block-button__link has-medium-font-size has-custom-font-size wp-element-button\" href=\"https:\/\/cal.eu\/florence-bouvier\/consultation\" target=\"_blank\" rel=\"noreferrer noopener\">Consultation G\u00e9n\u00e9rale<\/a><\/div>\n<\/div>\n<\/div>\n<\/div>\n<\/div>\n\n\n\n<div style=\"height:100px\" aria-hidden=\"true\" class=\"wp-block-spacer\"><\/div>\n\n\n\n<p><\/p>\n","protected":false},"excerpt":{"rendered":"<p>Prendre rendez-vous avec Ma\u00eetre Florence BOUVIER S\u00e9lectionnez le type de rendez-vous correspondant \u00e0 votre besoin.Les rendez-vous ont lieu \u00e0 l\u2019\u00e9tude, [&hellip;]<\/p>\n","protected":false},"author":1,"featured_media":0,"parent":0,"menu_order":0,"comment_status":"closed","ping_status":"closed","template":"","meta":{"_uag_custom_page_level_css":"","site-sidebar-layout":"default","site-content-layout":"","ast-site-content-layout":"default","site-content-style":"default","site-sidebar-style":"default","ast-global-header-display":"","ast-banner-title-visibility":"","ast-main-header-display":"","ast-hfb-above-header-display":"","ast-hfb-below-header-display":"","ast-hfb-mobile-header-display":"","site-post-title":"disabled","ast-breadcrumbs-content":"","ast-featured-img":"","footer-sml-layout":"","ast-disable-related-posts":"","theme-transparent-header-meta":"","adv-header-id-meta":"","stick-header-meta":"","header-above-stick-meta":"","header-main-stick-meta":"","header-below-stick-meta":"","astra-migrate-meta-layouts":"default","ast-page-background-enabled":"default","ast-page-background-meta":{"desktop":{"background-color":"var(--ast-global-color-5)","background-image":"","background-repeat":"repeat","background-position":"center center","background-size":"auto","background-attachment":"scroll","background-type":"","background-media":"","overlay-type":"","overlay-color":"","overlay-opacity":"","overlay-gradient":""},"tablet":{"background-color":"","background-image":"","background-repeat":"repeat","background-position":"center center","background-size":"auto","background-attachment":"scroll","background-type":"","background-media":"","overlay-type":"","overlay-color":"","overlay-opacity":"","overlay-gradient":""},"mobile":{"background-color":"","background-image":"","background-repeat":"repeat","background-position":"center center","background-size":"auto","background-attachment":"scroll","background-type":"","background-media":"","overlay-type":"","overlay-color":"","overlay-opacity":"","overlay-gradient":""}},"ast-content-background-meta":{"desktop":{"background-color":"var(--ast-global-color-4)","background-image":"","background-repeat":"repeat","background-position":"center center","background-size":"auto","background-attachment":"scroll","background-type":"","background-media":"","overlay-type":"","overlay-color":"","overlay-opacity":"","overlay-gradient":""},"tablet":{"background-color":"var(--ast-global-color-4)","background-image":"","background-repeat":"repeat","background-position":"center center","background-size":"auto","background-attachment":"scroll","background-type":"","background-media":"","overlay-type":"","overlay-color":"","overlay-opacity":"","overlay-gradient":""},"mobile":{"background-color":"var(--ast-global-color-4)","background-image":"","background-repeat":"repeat","background-position":"center center","background-size":"auto","background-attachment":"scroll","background-type":"","background-media":"","overlay-type":"","overlay-color":"","overlay-opacity":"","overlay-gradient":""}},"footnotes":""},"class_list":["post-163","page","type-page","status-publish","hentry"],"uagb_featured_image_src":{"full":false,"thumbnail":false,"medium":false,"medium_large":false,"large":false,"1536x1536":false,"2048x2048":false},"uagb_author_info":{"display_name":"admin8335","author_link":"https:\/\/office44081.fr\/index.php\/author\/admin8335\/"},"uagb_comment_info":0,"uagb_excerpt":"Prendre rendez-vous avec Ma\u00eetre Florence BOUVIER S\u00e9lectionnez le type de rendez-vous correspondant \u00e0 votre besoin.Les rendez-vous ont lieu \u00e0 l\u2019\u00e9tude, [&hellip;]","_links":{"self":[{"href":"https:\/\/office44081.fr\/index.php\/wp-json\/wp\/v2\/pages\/163","targetHints":{"allow":["GET"]}}],"collection":[{"href":"https:\/\/office44081.fr\/index.php\/wp-json\/wp\/v2\/pages"}],"about":[{"href":"https:\/\/office44081.fr\/index.php\/wp-json\/wp\/v2\/types\/page"}],"author":[{"embeddable":true,"href":"https:\/\/office44081.fr\/index.php\/wp-json\/wp\/v2\/users\/1"}],"replies":[{"embeddable":true,"href":"https:\/\/office44081.fr\/index.php\/wp-json\/wp\/v2\/comments?post=163"}],"version-history":[{"count":22,"href":"https:\/\/office44081.fr\/index.php\/wp-json\/wp\/v2\/pages\/163\/revisions"}],"predecessor-version":[{"id":505,"href":"https:\/\/office44081.fr\/index.php\/wp-json\/wp\/v2\/pages\/163\/revisions\/505"}],"wp:attachment":[{"href":"https:\/\/office44081.fr\/index.php\/wp-json\/wp\/v2\/media?parent=163"}],"curies":[{"name":"wp","href":"https:\/\/api.w.org\/{rel}","templated":true}]}}