{"id":16,"date":"2026-02-19T15:33:02","date_gmt":"2026-02-19T15:33:02","guid":{"rendered":"http:\/\/neenflk.cluster121.hosting.ovh.net\/?page_id=16"},"modified":"2026-04-17T14:44:21","modified_gmt":"2026-04-17T13:44:21","slug":"accueil","status":"publish","type":"page","link":"https:\/\/office44081.fr\/","title":{"rendered":"Accueil"},"content":{"rendered":"\n<div class=\"wp-block-cover\" style=\"min-height:208px;aspect-ratio:unset;\"><img loading=\"lazy\" decoding=\"async\" width=\"1024\" height=\"761\" class=\"wp-block-cover__image-background wp-image-540 size-large\" alt=\"\" src=\"https:\/\/office44081.fr\/wp-content\/uploads\/2026\/04\/facade-2-1024x761.jpeg\" style=\"object-position:22% 70%\" data-object-fit=\"cover\" data-object-position=\"22% 70%\" srcset=\"https:\/\/office44081.fr\/wp-content\/uploads\/2026\/04\/facade-2-1024x761.jpeg 1024w, https:\/\/office44081.fr\/wp-content\/uploads\/2026\/04\/facade-2-300x223.jpeg 300w, https:\/\/office44081.fr\/wp-content\/uploads\/2026\/04\/facade-2-768x571.jpeg 768w, https:\/\/office44081.fr\/wp-content\/uploads\/2026\/04\/facade-2.jpeg 1470w\" sizes=\"auto, (max-width: 1024px) 100vw, 1024px\" \/><span aria-hidden=\"true\" class=\"wp-block-cover__background has-ast-global-color-6-background-color has-background-dim-70 has-background-dim\"><\/span><div class=\"wp-block-cover__inner-container is-layout-constrained wp-block-cover-is-layout-constrained\">\n<div style=\"height:111px\" aria-hidden=\"true\" class=\"wp-block-spacer\"><\/div>\n\n\n\n<h1 class=\"wp-block-heading has-text-align-left has-white-color has-text-color has-link-color wp-elements-1cafab1d4696b509452a128b9b311f54\" style=\"margin-top:0;margin-bottom:0\">Office notarial de <\/h1>\n\n\n\n<h1 class=\"wp-block-heading has-white-color has-text-color has-link-color wp-elements-d3984daa75efb3c849a9140738916df2\" style=\"border-style:none;border-width:0px;margin-top:0;margin-bottom:0\">Ma\u00eetre Florence BOUVIER<\/h1>\n\n\n\n<h4 class=\"wp-block-heading has-white-color has-text-color has-link-color wp-elements-5c10a098f653ba6aa58e59b1529f9675\">A vos c\u00f4t\u00e9s pour les moments importants de votre vie<\/h4>\n\n\n\n<div class=\"wp-block-buttons is-layout-flex wp-block-buttons-is-layout-flex\">\n<div class=\"wp-block-button is-style-fill\"><a class=\"wp-block-button__link has-ast-global-color-3-background-color has-background wp-element-button\" href=\"https:\/\/office44081.fr\/index.php\/rendez-vous\/\">Prendre rendez-vous<\/a><\/div>\n<\/div>\n\n\n\n<div style=\"height:37px\" aria-hidden=\"true\" class=\"wp-block-spacer\"><\/div>\n<\/div><\/div>\n\n\n\n<div class=\"wp-block-group is-layout-constrained wp-container-core-group-is-layout-0d1960bc wp-block-group-is-layout-constrained\" style=\"margin-top:-160px;margin-bottom:-160px;padding-right:35px;padding-left:35px\">\n<div class=\"wp-block-columns is-layout-flex wp-container-core-columns-is-layout-3a446ed5 wp-block-columns-is-layout-flex\" style=\"border-style:none;border-width:0px;border-top-left-radius:0px;border-top-right-radius:0px;border-bottom-left-radius:0px;border-bottom-right-radius:0px;margin-top:0;margin-bottom:0;padding-top:40px;padding-right:0px;padding-bottom:40px;padding-left:0px\">\n<div class=\"wp-block-column has-background is-layout-flow wp-container-core-column-is-layout-5eba1009 wp-block-column-is-layout-flow\" style=\"border-top-left-radius:0px;border-top-right-radius:0px;border-bottom-left-radius:0px;border-bottom-right-radius:0px;background-color:#d8e2eb;padding-top:20px;padding-right:var(--wp--preset--spacing--30);padding-bottom:20px;padding-left:var(--wp--preset--spacing--30)\">\n<h5 class=\"wp-block-heading has-text-align-center has-ast-global-color-2-color has-text-color has-link-color wp-elements-c0117420866eea9425e2ca0a99c4c3af\" style=\"margin-top:20px;margin-bottom:20px\">Situ\u00e9 \u00e0 <\/h5>\n\n\n\n<p class=\"has-text-align-center has-text-color has-link-color wp-elements-b75bdf2fd20db83015957ddb53f481e9\" style=\"border-style:none;border-width:0px;color:#5079ac;margin-top:0px;margin-bottom:0px;font-size:16px\"><font dir=\"auto\" style=\"vertical-align: inherit;\"><font dir=\"auto\" style=\"vertical-align: inherit;\">Vertou<\/font><\/font>,<font dir=\"auto\" style=\"vertical-align: inherit;\"><font dir=\"auto\" style=\"vertical-align: inherit;\">1 rue Bertrand<\/font><\/font><\/p>\n\n\n\n<p class=\"has-text-align-center has-text-color has-link-color wp-elements-99500ef063462232d8bb9058aa1e593a\" style=\"color:#5079ac;font-size:16px\">A proximit\u00e9 de la place de l&rsquo;\u00e9glise<\/p>\n<\/div>\n\n\n\n<div class=\"wp-block-column has-background has-medium-font-size is-layout-flow wp-block-column-is-layout-flow\" style=\"border-top-left-radius:0px;border-top-right-radius:0px;border-bottom-left-radius:0px;border-bottom-right-radius:0px;background-color:#d8e2eb;padding-top:20px;padding-right:var(--wp--preset--spacing--30);padding-bottom:20px;padding-left:var(--wp--preset--spacing--30)\">\n<h5 class=\"wp-block-heading has-text-align-center has-ast-global-color-2-color has-text-color has-link-color wp-elements-88fd37232987e25f5970351d9d9a59ac\" style=\"margin-top:20px;margin-bottom:20px\">Sur rendez-vous<\/h5>\n\n\n\n<p class=\"has-text-align-center has-text-color has-link-color wp-elements-210c52113a2c3b14ef7415570d6010b7\" style=\"color:#5079ac;margin-top:0px;margin-right:0;margin-bottom:0px;margin-left:0;font-size:16px\">Du lundi au vendredi de 9h \u00e0 18h30,<\/p>\n\n\n\n<p class=\"has-text-align-center has-text-color has-link-color wp-elements-b4737a73ec75a12c82228ba32847f686\" style=\"color:#5079ac;margin-top:0px;margin-bottom:0px;font-size:16px\">le samedi de 9h \u00e0 12h30<\/p>\n<\/div>\n\n\n\n<div class=\"wp-block-column has-background is-layout-flow wp-block-column-is-layout-flow\" style=\"border-top-left-radius:0px;border-top-right-radius:0px;border-bottom-left-radius:0px;border-bottom-right-radius:0px;background-color:#d8e2eb;padding-top:20px;padding-right:var(--wp--preset--spacing--30);padding-bottom:20px;padding-left:var(--wp--preset--spacing--30)\">\n<h5 class=\"wp-block-heading has-text-align-center has-ast-global-color-2-color has-text-color has-link-color wp-elements-57c48e7a4c20ca5b8cba11ca5ba89d64\" style=\"margin-top:20px;margin-bottom:20px\">Accompagnement<\/h5>\n\n\n\n<p class=\"has-text-align-center has-text-color has-link-color wp-elements-1b2d37f9185c044afe6ff9db71b236d6\" style=\"color:#5079ac;margin-top:0px;margin-right:0;margin-bottom:0px;margin-left:0;font-size:16px\">S\u00e9curit\u00e9 juridique, confidentialit\u00e9 et conseil personnalis\u00e9<\/p>\n<\/div>\n<\/div>\n<\/div>\n\n\n\n<div style=\"height:82px\" aria-hidden=\"true\" class=\"wp-block-spacer\"><\/div>\n\n\n\n<div class=\"wp-block-group is-layout-constrained wp-block-group-is-layout-constrained\">\n<h2 class=\"wp-block-heading has-text-align-center has-ast-global-color-0-color has-text-color has-link-color has-large-font-size wp-elements-26d15fc3ae4c00e8fb8fcd5efaa8ec90\" style=\"margin-top:var(--wp--preset--spacing--70);margin-bottom:var(--wp--preset--spacing--70)\">Domaines d&rsquo;expertise<\/h2>\n\n\n\n<div class=\"wp-block-columns is-layout-flex wp-container-core-columns-is-layout-28f84493 wp-block-columns-is-layout-flex\">\n<div class=\"wp-block-column is-layout-flow wp-block-column-is-layout-flow\" style=\"flex-basis:50%\">\n<div class=\"wp-block-group alignfull has-border-color has-white-background-color has-background is-layout-constrained wp-block-group-is-layout-constrained\" style=\"border-color:#d8e2eb;border-width:15px;padding-top:0px;padding-bottom:0px\">\n<h5 class=\"wp-block-heading has-text-align-center\">Successions<\/h5>\n\n\n\n<hr class=\"wp-block-separator has-alpha-channel-opacity is-style-default\"\/>\n\n\n\n<p class=\"has-text-align-center has-text-color has-link-color wp-elements-7410f71053fb9aeb687a04c3d723fcca\" style=\"color:#6c8da6\">R\u00e8glement de succession, testaments, donations, partage<\/p>\n<\/div>\n<\/div>\n\n\n\n<div class=\"wp-block-column is-layout-flow wp-block-column-is-layout-flow\" style=\"flex-basis:50%\">\n<div class=\"wp-block-group alignfull has-border-color has-white-background-color has-background is-layout-constrained wp-block-group-is-layout-constrained\" style=\"border-color:#d8e2eb;border-width:15px;min-height:0px;margin-top:0;margin-bottom:0;padding-top:0px;padding-bottom:0px\">\n<h5 class=\"wp-block-heading has-text-align-center\">Immobilier<\/h5>\n\n\n\n<hr class=\"wp-block-separator has-alpha-channel-opacity is-style-default\"\/>\n\n\n\n<p class=\"has-text-align-center has-text-color has-link-color wp-elements-4830c138197f320f223aeae0b6f2713d\" style=\"color:#6c8da6\">Vente, acquisition, r\u00e9daction d&rsquo;actes et s\u00e9curisation de transactions<\/p>\n<\/div>\n<\/div>\n<\/div>\n\n\n\n<div class=\"wp-block-columns is-layout-flex wp-container-core-columns-is-layout-28f84493 wp-block-columns-is-layout-flex\">\n<div class=\"wp-block-column is-layout-flow wp-block-column-is-layout-flow\" style=\"flex-basis:50%\">\n<div class=\"wp-block-group alignfull has-border-color has-white-background-color has-background is-layout-constrained wp-block-group-is-layout-constrained\" style=\"border-color:#d8e2eb;border-width:15px;padding-top:0px;padding-bottom:0px\">\n<h5 class=\"wp-block-heading has-text-align-center\">Famille<\/h5>\n\n\n\n<hr class=\"wp-block-separator has-alpha-channel-opacity is-style-default\"\/>\n\n\n\n<p class=\"has-text-align-center has-text-color has-link-color wp-elements-aafcb32eca488bc0ac5a1a2987ff44d7\" style=\"color:#6c8da6\">Contrat mariage, PACS, divorce, adoption, changement de r\u00e9gime matrimonial<\/p>\n<\/div>\n<\/div>\n\n\n\n<div class=\"wp-block-column is-layout-flow wp-block-column-is-layout-flow\" style=\"flex-basis:50%\">\n<div class=\"wp-block-group alignfull has-border-color has-white-background-color has-background is-layout-constrained wp-block-group-is-layout-constrained\" style=\"border-color:#d8e2eb;border-width:15px;padding-top:0px;padding-bottom:0px\">\n<h5 class=\"wp-block-heading has-text-align-center\">Soci\u00e9t\u00e9s<\/h5>\n\n\n\n<hr class=\"wp-block-separator has-alpha-channel-opacity is-style-default\"\/>\n\n\n\n<p class=\"has-text-align-center has-text-color has-link-color wp-elements-767c71a541cf0bded089d5ec314218e4\" style=\"color:#6c8da6\">Cr\u00e9ation de soci\u00e9t\u00e9, cession de parts, baux commerciaux, fonds de commerce<\/p>\n<\/div>\n<\/div>\n<\/div>\n<\/div>\n\n\n\n<div class=\"wp-block-group is-layout-constrained wp-block-group-is-layout-constrained\">\n<h2 class=\"wp-block-heading has-text-align-center has-ast-global-color-1-color has-text-color has-link-color has-large-font-size wp-elements-d83757e3bd8817acf2293e8241a46b93\" style=\"margin-top:var(--wp--preset--spacing--20);margin-bottom:var(--wp--preset--spacing--20)\">Notre engagement<\/h2>\n\n\n\n<div class=\"wp-block-columns is-layout-flex wp-container-core-columns-is-layout-32ad5a07 wp-block-columns-is-layout-flex\" style=\"margin-top:var(--wp--preset--spacing--60);margin-bottom:var(--wp--preset--spacing--60)\">\n<div class=\"wp-block-column is-layout-flow wp-block-column-is-layout-flow\">\n<h5 class=\"wp-block-heading has-text-align-left\"><font dir=\"auto\" style=\"vertical-align: inherit;\"><font dir=\"auto\" style=\"vertical-align: inherit;\">\u00c9couter<\/font><\/font><\/h5>\n\n\n\n<hr class=\"wp-block-separator has-alpha-channel-opacity is-style-wide\"\/>\n\n\n\n<p class=\"has-text-color has-link-color wp-elements-569712e04a43cf043a93dcabc9725e76\" style=\"color:#6c8da6\">Comprendre votre situation personnelle et vos objectifs avec attention et confidentialit\u00e9<\/p>\n<\/div>\n\n\n\n<div class=\"wp-block-column is-layout-flow wp-block-column-is-layout-flow\">\n<h5 class=\"wp-block-heading\">Conseiller<\/h5>\n\n\n\n<hr class=\"wp-block-separator has-alpha-channel-opacity is-style-wide\"\/>\n\n\n\n<p class=\"has-text-color has-link-color wp-elements-0f082f141fb9b59358aa89fd7eb42f90\" style=\"color:#6c8da6\">Pr\u00e9senter des solutions claires, adapt\u00e9es \u00e0 votre situation juridique et patrimoniale<\/p>\n<\/div>\n\n\n\n<div class=\"wp-block-column is-layout-flow wp-block-column-is-layout-flow\">\n<h5 class=\"wp-block-heading\">S\u00e9curiser<\/h5>\n\n\n\n<hr class=\"wp-block-separator has-alpha-channel-opacity is-style-wide\"\/>\n\n\n\n<p class=\"has-text-color has-link-color wp-elements-119ee4d96f76d2b88db3a64fc7a86b02\" style=\"color:#6c8da6\">Formaliser vos actes avec rigueur afin de garantir leur validit\u00e9 et leur p\u00e9rennit\u00e9<\/p>\n<\/div>\n<\/div>\n<\/div>\n\n\n\n<div class=\"wp-block-group has-white-color has-ast-global-color-0-background-color has-text-color has-background has-link-color wp-elements-210b05889e86c2457704f232c0b9056a is-layout-constrained wp-block-group-is-layout-constrained\" style=\"padding-top:60px;padding-bottom:60px\">\n<h4 class=\"wp-block-heading has-text-align-center has-white-color has-text-color has-link-color has-large-font-size wp-elements-f53bb7e1be7b5904820e0d2c73c02a61\">Besoin d&rsquo;un accompagnement juridique ?<\/h4>\n\n\n\n<p class=\"has-text-align-center\">Contacter l&rsquo;office notarial de Ma\u00eetre Florence BOUVIER pour un rendez-vous personnalis\u00e9.<\/p>\n\n\n\n<div class=\"wp-block-buttons alignwide is-content-justification-center is-layout-flex wp-container-core-buttons-is-layout-a89b3969 wp-block-buttons-is-layout-flex\">\n<div class=\"wp-block-button has-custom-width wp-block-button__width-50 is-style-fill\"><a class=\"wp-block-button__link has-ast-global-color-1-color has-ast-global-color-4-background-color has-text-color has-background has-link-color wp-element-button\" href=\"https:\/\/office44081.fr\/index.php\/rendez-vous\/\" style=\"border-style:none;border-width:0px;border-top-left-radius:25px;border-top-right-radius:25px;border-bottom-left-radius:25px;border-bottom-right-radius:25px;padding-right:0;padding-left:0\">Prendre rendez-vous<\/a><\/div>\n<\/div>\n<\/div>\n\n\n\n<div class=\"wp-block-group has-white-background-color has-background is-layout-constrained wp-block-group-is-layout-constrained\" style=\"padding-top:60px;padding-bottom:60px\">\n<div class=\"wp-block-columns is-layout-flex wp-container-core-columns-is-layout-28f84493 wp-block-columns-is-layout-flex\">\n<div class=\"wp-block-column is-layout-flow wp-block-column-is-layout-flow\">\n<h4 class=\"wp-block-heading has-text-align-left\" style=\"margin-top:0;margin-bottom:0\">D\u00e9couvrir l&rsquo;\u00e9tude<\/h4>\n\n\n\n<p class=\"has-text-align-left has-ast-global-color-3-color has-text-color has-link-color wp-elements-5b94bdc5f4c076d9fa419abd6743da60\">En savoir plus sur l&rsquo;office et son fonctionnement<\/p>\n\n\n\n<div class=\"wp-block-buttons is-content-justification-center is-layout-flex wp-container-core-buttons-is-layout-a89b3969 wp-block-buttons-is-layout-flex\">\n<div class=\"wp-block-button has-custom-width wp-block-button__width-100\"><a class=\"wp-block-button__link wp-element-button\" href=\"https:\/\/office44081.fr\/index.php\/etude\/\">L&rsquo;\u00e9tude<\/a><\/div>\n<\/div>\n<\/div>\n\n\n\n<div class=\"wp-block-column is-layout-flow wp-block-column-is-layout-flow\">\n<h4 class=\"wp-block-heading has-text-align-left\">Nos expertises<\/h4>\n\n\n\n<p class=\"has-text-align-left has-ast-global-color-3-color has-text-color has-link-color wp-elements-9736c9d8e0b4530d0a6936403768b34f\">Consultez le d\u00e9tail de nos domaines d&rsquo;intervention<\/p>\n\n\n\n<div class=\"wp-block-buttons is-content-justification-center is-layout-flex wp-container-core-buttons-is-layout-a89b3969 wp-block-buttons-is-layout-flex\">\n<div class=\"wp-block-button has-custom-width wp-block-button__width-100\"><a class=\"wp-block-button__link wp-element-button\" href=\"https:\/\/office44081.fr\/index.php\/domaines\/\">Domaine d&rsquo;expertise<\/a><\/div>\n<\/div>\n<\/div>\n\n\n\n<div class=\"wp-block-column is-layout-flow wp-block-column-is-layout-flow\">\n<h4 class=\"wp-block-heading has-text-align-left\">Nous contacter<\/h4>\n\n\n\n<p class=\"has-text-align-left has-ast-global-color-3-color has-text-color has-link-color wp-elements-087f93225e8d13884bc006f2b976548b\"><font dir=\"auto\" style=\"vertical-align: inherit;\"><font dir=\"auto\" style=\"vertical-align: inherit;\">Prenez rendez-vous ou adressez-nous votre demande<\/font><\/font><\/p>\n\n\n\n<div class=\"wp-block-buttons is-content-justification-center is-layout-flex wp-container-core-buttons-is-layout-a89b3969 wp-block-buttons-is-layout-flex\">\n<div class=\"wp-block-button has-custom-width wp-block-button__width-100\"><a class=\"wp-block-button__link wp-element-button\" href=\"https:\/\/office44081.fr\/index.php\/prendre-rdv\/\">Contact<\/a><\/div>\n<\/div>\n<\/div>\n\n\n\n<div class=\"wp-block-column is-layout-flow wp-block-column-is-layout-flow\">\n<h4 class=\"wp-block-heading has-text-align-left\">Tarifs<\/h4>\n\n\n\n<p class=\"has-text-align-left has-ast-global-color-3-color has-text-color has-link-color wp-elements-d3783a2ac6e833b3b061cf463741231e\">D\u00e9couvrez nos tarifs pour les prestations hors r\u00e9glementation<\/p>\n\n\n\n<div class=\"wp-block-buttons is-content-justification-center is-layout-flex wp-container-core-buttons-is-layout-a89b3969 wp-block-buttons-is-layout-flex\">\n<div class=\"wp-block-button has-custom-width wp-block-button__width-100\"><a class=\"wp-block-button__link has-text-align-center wp-element-button\" href=\"https:\/\/office44081.fr\/index.php\/outils\/\">Tarifs<\/a><\/div>\n<\/div>\n<\/div>\n<\/div>\n<\/div>\n\n\n\n<p><\/p>\n","protected":false},"excerpt":{"rendered":"<p>Situ\u00e9 \u00e0 Vertou,1 rue Bertrand A proximit\u00e9 de la place de l&rsquo;\u00e9glise Sur rendez-vous Du lundi au vendredi de 9h [&hellip;]<\/p>\n","protected":false},"author":1,"featured_media":0,"parent":0,"menu_order":0,"comment_status":"closed","ping_status":"closed","template":"","meta":{"_uag_custom_page_level_css":"","site-sidebar-layout":"default","site-content-layout":"","ast-site-content-layout":"full-width-container","site-content-style":"default","site-sidebar-style":"default","ast-global-header-display":"","ast-banner-title-visibility":"","ast-main-header-display":"","ast-hfb-above-header-display":"","ast-hfb-below-header-display":"","ast-hfb-mobile-header-display":"","site-post-title":"disabled","ast-breadcrumbs-content":"","ast-featured-img":"","footer-sml-layout":"","ast-disable-related-posts":"","theme-transparent-header-meta":"enabled","adv-header-id-meta":"","stick-header-meta":"","header-above-stick-meta":"","header-main-stick-meta":"","header-below-stick-meta":"","astra-migrate-meta-layouts":"default","ast-page-background-enabled":"default","ast-page-background-meta":{"desktop":{"background-color":"var(--ast-global-color-5)","background-image":"","background-repeat":"repeat","background-position":"center center","background-size":"auto","background-attachment":"scroll","background-type":"","background-media":"","overlay-type":"","overlay-color":"","overlay-opacity":"","overlay-gradient":""},"tablet":{"background-color":"","background-image":"","background-repeat":"repeat","background-position":"center center","background-size":"auto","background-attachment":"scroll","background-type":"","background-media":"","overlay-type":"","overlay-color":"","overlay-opacity":"","overlay-gradient":""},"mobile":{"background-color":"","background-image":"","background-repeat":"repeat","background-position":"center center","background-size":"auto","background-attachment":"scroll","background-type":"","background-media":"","overlay-type":"","overlay-color":"","overlay-opacity":"","overlay-gradient":""}},"ast-content-background-meta":{"desktop":{"background-color":"var(--ast-global-color-4)","background-image":"","background-repeat":"repeat","background-position":"center center","background-size":"auto","background-attachment":"scroll","background-type":"","background-media":"","overlay-type":"","overlay-color":"","overlay-opacity":"","overlay-gradient":""},"tablet":{"background-color":"var(--ast-global-color-4)","background-image":"","background-repeat":"repeat","background-position":"center center","background-size":"auto","background-attachment":"scroll","background-type":"","background-media":"","overlay-type":"","overlay-color":"","overlay-opacity":"","overlay-gradient":""},"mobile":{"background-color":"var(--ast-global-color-4)","background-image":"","background-repeat":"repeat","background-position":"center center","background-size":"auto","background-attachment":"scroll","background-type":"","background-media":"","overlay-type":"","overlay-color":"","overlay-opacity":"","overlay-gradient":""}},"footnotes":""},"class_list":["post-16","page","type-page","status-publish","hentry"],"uagb_featured_image_src":{"full":false,"thumbnail":false,"medium":false,"medium_large":false,"large":false,"1536x1536":false,"2048x2048":false},"uagb_author_info":{"display_name":"admin8335","author_link":"https:\/\/office44081.fr\/index.php\/author\/admin8335\/"},"uagb_comment_info":0,"uagb_excerpt":"Situ\u00e9 \u00e0 Vertou,1 rue Bertrand A proximit\u00e9 de la place de l&rsquo;\u00e9glise Sur rendez-vous Du lundi au vendredi de 9h [&hellip;]","_links":{"self":[{"href":"https:\/\/office44081.fr\/index.php\/wp-json\/wp\/v2\/pages\/16","targetHints":{"allow":["GET"]}}],"collection":[{"href":"https:\/\/office44081.fr\/index.php\/wp-json\/wp\/v2\/pages"}],"about":[{"href":"https:\/\/office44081.fr\/index.php\/wp-json\/wp\/v2\/types\/page"}],"author":[{"embeddable":true,"href":"https:\/\/office44081.fr\/index.php\/wp-json\/wp\/v2\/users\/1"}],"replies":[{"embeddable":true,"href":"https:\/\/office44081.fr\/index.php\/wp-json\/wp\/v2\/comments?post=16"}],"version-history":[{"count":55,"href":"https:\/\/office44081.fr\/index.php\/wp-json\/wp\/v2\/pages\/16\/revisions"}],"predecessor-version":[{"id":543,"href":"https:\/\/office44081.fr\/index.php\/wp-json\/wp\/v2\/pages\/16\/revisions\/543"}],"wp:attachment":[{"href":"https:\/\/office44081.fr\/index.php\/wp-json\/wp\/v2\/media?parent=16"}],"curies":[{"name":"wp","href":"https:\/\/api.w.org\/{rel}","templated":true}]}}